{"id":1576,"date":"2023-09-21T14:52:04","date_gmt":"2023-09-21T12:52:04","guid":{"rendered":"https:\/\/psihotel-praha.cz\/?post_type=product&#038;p=1576"},"modified":"2023-09-21T16:06:31","modified_gmt":"2023-09-21T14:06:31","slug":"ubytovani-psu","status":"publish","type":"product","link":"https:\/\/psihotel-praha.cz\/en\/produkt\/ubytovani-psu\/","title":{"rendered":"(\u010cesky) Ubytov\u00e1n\u00ed ps\u016f"},"content":{"rendered":"","protected":false},"excerpt":{"rendered":"","protected":false},"featured_media":1085,"template":"","meta":[],"product_cat":[80],"product_tag":[],"_links":{"self":[{"href":"https:\/\/psihotel-praha.cz\/en\/wp-json\/wp\/v2\/product\/1576"}],"collection":[{"href":"https:\/\/psihotel-praha.cz\/en\/wp-json\/wp\/v2\/product"}],"about":[{"href":"https:\/\/psihotel-praha.cz\/en\/wp-json\/wp\/v2\/types\/product"}],"wp:featuredmedia":[{"embeddable":true,"href":"https:\/\/psihotel-praha.cz\/en\/wp-json\/wp\/v2\/media\/1085"}],"wp:attachment":[{"href":"https:\/\/psihotel-praha.cz\/en\/wp-json\/wp\/v2\/media?parent=1576"}],"wp:term":[{"taxonomy":"product_cat","embeddable":true,"href":"https:\/\/psihotel-praha.cz\/en\/wp-json\/wp\/v2\/product_cat?post=1576"},{"taxonomy":"product_tag","embeddable":true,"href":"https:\/\/psihotel-praha.cz\/en\/wp-json\/wp\/v2\/product_tag?post=1576"}],"curies":[{"name":"wp","href":"https:\/\/api.w.org\/{rel}","templated":true}]}}